{"id":2,"date":"2006-10-24T21:34:18","date_gmt":"2006-10-24T19:34:18","guid":{"rendered":""},"modified":"2026-04-11T20:57:06","modified_gmt":"2026-04-11T18:57:06","slug":"faq","status":"publish","type":"page","link":"https:\/\/mehr-sein-als-scheinen.de\/?page_id=2","title":{"rendered":"F.A.Q."},"content":{"rendered":"\n<p>F: Wer oder was seid Ihr eigentlich?<br \/> A: Ehemalige der FvSt, genauer gesagt des Abijahrgangs 1987.<\/p>\n\n\n\n<figure class=\"wp-block-image size-large\"><a href=\"https:\/\/mehr-sein-als-scheinen.de\/wp-content\/uploads\/2024\/01\/IMG_4254.jpg\"><img loading=\"lazy\" decoding=\"async\" width=\"1024\" height=\"768\" src=\"https:\/\/mehr-sein-als-scheinen.de\/wp-content\/uploads\/2024\/01\/IMG_4254-1024x768.jpg\" alt=\"\" class=\"wp-image-187\" srcset=\"https:\/\/mehr-sein-als-scheinen.de\/wp-content\/uploads\/2024\/01\/IMG_4254-1024x768.jpg 1024w, https:\/\/mehr-sein-als-scheinen.de\/wp-content\/uploads\/2024\/01\/IMG_4254-300x225.jpg 300w, https:\/\/mehr-sein-als-scheinen.de\/wp-content\/uploads\/2024\/01\/IMG_4254-768x576.jpg 768w, https:\/\/mehr-sein-als-scheinen.de\/wp-content\/uploads\/2024\/01\/IMG_4254-1536x1152.jpg 1536w, https:\/\/mehr-sein-als-scheinen.de\/wp-content\/uploads\/2024\/01\/IMG_4254-960x720.jpg 960w, https:\/\/mehr-sein-als-scheinen.de\/wp-content\/uploads\/2024\/01\/IMG_4254.jpg 1632w\" sizes=\"auto, (max-width: 1024px) 100vw, 1024px\" \/><\/a><figcaption class=\"wp-element-caption\">Wir sind Retro! :-)<\/figcaption><\/figure>\n\n\n\n<p>F: Wieso habt Ihr diese Seite gemacht?<br \/> A: Einer mu\u00df es ja machen.<\/p>\n\n\n\n<p>F: Seid Ihr nur f\u00fcr Euren Jahrgang da?<br \/>\nA: Sagen wir so: Ausl\u00f6ser war nat\u00fcrlich die Orga f\u00fcr das 20j\u00e4hrige 2007. Aber da unsere Anstalt ja bekanntlich nicht mehr unter den Lebenden weilt, haben wir uns gesagt: warum halbe Sachen machen? Somit versteht sich diese Seite als virtueller Nachfolger unserer gesch\u00e4tzten Institution an der Agnes- bzw. Gretchenstra\u00dfe.<\/p>\n\n\n\n<p>F: Und f\u00fcr wen seid Ihr da?<br \/>\nA: F\u00fcr alle. Wirklich. Also nicht nur Abiturienten, sondern auch Abg\u00e4nger nach der 6, 7, 8, 9 oder wann auch immer, Lehrer, Sekretariatskr\u00e4fte, (hoffentlich) ehemalige Referendare, Eltern, you name it. Nur nicht f\u00fcr Kulturdezernenten, die aus ideologischen Gr\u00fcnden Schulen schlie\u00dfen (war nur Spa\u00df).<\/p>\n\n\n\n<p>F: Was, zum Henker, bedeutet \"F.A.Q.\"?<br \/>\nA: Wenn Computermenschen sich wichtig machen wollen, benutzen sie TLAs (har har). \"F.A.Q.\" steht f\u00fcr \"Frequently Asked Questions\", also Fragen, die immer mal wieder gern gestellt werden, viele interessieren und deshalb an zentraler Stelle beantwortet werden.<\/p>\n\n\n\n<p>F: Und was bedeutet jetzt \"TLA\" schon wieder, verdammt???<br \/>\nA: Ach so, sorry: \"Three Letter Abbreviation\" ;-)<\/p>\n\n\n\n<p>F: Mu\u00df ich alle meine pers\u00f6nlichen Daten in die Tabelle eintragen?<br \/>\nA: Nein, nat\u00fcrlich nicht. Es w\u00e4re nur nett, feststellen zu k\u00f6nnen, wer sich eingetragen hat, und wie er oder sie zu erreichen ist. Also Vorname, Nachname (ggf. Geburtsname) und eMail-Adresse.<\/p>\n\n\n\n<p>F: Kann jeder Dahergelaufene meine Daten sehen?<br \/>\nA: <s>Momentan ja. Die Anregung, die Daten auf diejenigen zu beschr\u00e4nken, die sich registriert haben, ist aber schon eingegangen und auch als sinnvoll erachtet worden. Wir arbeiten dran.<\/s> Wir sind fertig. Die Daten sind jetzt in Sicherheit!<\/p>\n","protected":false},"excerpt":{"rendered":"<p>F: Wer oder was seid Ihr eigentlich? A: Ehemalige der FvSt, genauer gesagt des Abijahrgangs 1987. F: Wieso habt Ihr diese Seite gemacht? A: Einer mu\u00df es ja machen. F: Seid Ihr nur f\u00fcr Euren Jahrgang da? A: Sagen wir so: Ausl\u00f6ser war nat\u00fcrlich die Orga f\u00fcr das 20j\u00e4hrige 2007. Aber da unsere Anstalt ja <a class=\"read-more\" href=\"https:\/\/mehr-sein-als-scheinen.de\/?page_id=2\">... weiterlesen <span class=\"meta-nav\">&rarr;<\/span><\/a><\/p>\n","protected":false},"author":3,"featured_media":0,"parent":0,"menu_order":0,"comment_status":"closed","ping_status":"open","template":"","meta":{"footnotes":""},"class_list":["post-2","page","type-page","status-publish","hentry"],"yoast_head":"<!-- This site is optimized with the Yoast SEO plugin v27.4 - https:\/\/yoast.com\/product\/yoast-seo-wordpress\/ -->\n<title>F.A.Q. - Freiherr-vom-Stein-Schule Bochum<\/title>\n<meta name=\"robots\" content=\"index, follow, max-snippet:-1, max-image-preview:large, max-video-preview:-1\" \/>\n<link rel=\"canonical\" href=\"https:\/\/mehr-sein-als-scheinen.de\/?page_id=2\" \/>\n<meta property=\"og:locale\" content=\"de_DE\" \/>\n<meta property=\"og:type\" content=\"article\" \/>\n<meta property=\"og:title\" content=\"F.A.Q. - Freiherr-vom-Stein-Schule Bochum\" \/>\n<meta property=\"og:description\" content=\"F: Wer oder was seid Ihr eigentlich? A: Ehemalige der FvSt, genauer gesagt des Abijahrgangs 1987. F: Wieso habt Ihr diese Seite gemacht? A: Einer mu\u00df es ja machen. F: Seid Ihr nur f\u00fcr Euren Jahrgang da? A: Sagen wir so: Ausl\u00f6ser war nat\u00fcrlich die Orga f\u00fcr das 20j\u00e4hrige 2007. Aber da unsere Anstalt ja ... weiterlesen &rarr;\" \/>\n<meta property=\"og:url\" content=\"https:\/\/mehr-sein-als-scheinen.de\/?page_id=2\" \/>\n<meta property=\"og:site_name\" content=\"Freiherr-vom-Stein-Schule Bochum\" \/>\n<meta property=\"article:modified_time\" content=\"2026-04-11T18:57:06+00:00\" \/>\n<meta property=\"og:image\" content=\"https:\/\/mehr-sein-als-scheinen.de\/wp-content\/uploads\/2024\/01\/IMG_4254-1024x768.jpg\" \/>\n<meta name=\"twitter:card\" content=\"summary_large_image\" \/>\n<meta name=\"twitter:label1\" content=\"Gesch\u00e4tzte Lesezeit\" \/>\n\t<meta name=\"twitter:data1\" content=\"2\u00a0Minuten\" \/>\n<script type=\"application\/ld+json\" class=\"yoast-schema-graph\">{\"@context\":\"https:\\\/\\\/schema.org\",\"@graph\":[{\"@type\":\"WebPage\",\"@id\":\"https:\\\/\\\/mehr-sein-als-scheinen.de\\\/?page_id=2\",\"url\":\"https:\\\/\\\/mehr-sein-als-scheinen.de\\\/?page_id=2\",\"name\":\"F.A.Q. - Freiherr-vom-Stein-Schule Bochum\",\"isPartOf\":{\"@id\":\"https:\\\/\\\/mehr-sein-als-scheinen.de\\\/#website\"},\"primaryImageOfPage\":{\"@id\":\"https:\\\/\\\/mehr-sein-als-scheinen.de\\\/?page_id=2#primaryimage\"},\"image\":{\"@id\":\"https:\\\/\\\/mehr-sein-als-scheinen.de\\\/?page_id=2#primaryimage\"},\"thumbnailUrl\":\"https:\\\/\\\/mehr-sein-als-scheinen.de\\\/wp-content\\\/uploads\\\/2024\\\/01\\\/IMG_4254-1024x768.jpg\",\"datePublished\":\"2006-10-24T19:34:18+00:00\",\"dateModified\":\"2026-04-11T18:57:06+00:00\",\"breadcrumb\":{\"@id\":\"https:\\\/\\\/mehr-sein-als-scheinen.de\\\/?page_id=2#breadcrumb\"},\"inLanguage\":\"de\",\"potentialAction\":[{\"@type\":\"ReadAction\",\"target\":[\"https:\\\/\\\/mehr-sein-als-scheinen.de\\\/?page_id=2\"]}]},{\"@type\":\"ImageObject\",\"inLanguage\":\"de\",\"@id\":\"https:\\\/\\\/mehr-sein-als-scheinen.de\\\/?page_id=2#primaryimage\",\"url\":\"https:\\\/\\\/mehr-sein-als-scheinen.de\\\/wp-content\\\/uploads\\\/2024\\\/01\\\/IMG_4254.jpg\",\"contentUrl\":\"https:\\\/\\\/mehr-sein-als-scheinen.de\\\/wp-content\\\/uploads\\\/2024\\\/01\\\/IMG_4254.jpg\",\"width\":1632,\"height\":1224,\"caption\":\"Wir sind Retro! :-)\"},{\"@type\":\"BreadcrumbList\",\"@id\":\"https:\\\/\\\/mehr-sein-als-scheinen.de\\\/?page_id=2#breadcrumb\",\"itemListElement\":[{\"@type\":\"ListItem\",\"position\":1,\"name\":\"Start\",\"item\":\"https:\\\/\\\/mehr-sein-als-scheinen.de\\\/\"},{\"@type\":\"ListItem\",\"position\":2,\"name\":\"F.A.Q.\"}]},{\"@type\":\"WebSite\",\"@id\":\"https:\\\/\\\/mehr-sein-als-scheinen.de\\\/#website\",\"url\":\"https:\\\/\\\/mehr-sein-als-scheinen.de\\\/\",\"name\":\"Freiherr-vom-Stein-Schule Bochum\",\"description\":\"Treffpunkt f\u00fcr alle Ehemaligen\",\"publisher\":{\"@id\":\"https:\\\/\\\/mehr-sein-als-scheinen.de\\\/#organization\"},\"potentialAction\":[{\"@type\":\"SearchAction\",\"target\":{\"@type\":\"EntryPoint\",\"urlTemplate\":\"https:\\\/\\\/mehr-sein-als-scheinen.de\\\/?s={search_term_string}\"},\"query-input\":{\"@type\":\"PropertyValueSpecification\",\"valueRequired\":true,\"valueName\":\"search_term_string\"}}],\"inLanguage\":\"de\"},{\"@type\":\"Organization\",\"@id\":\"https:\\\/\\\/mehr-sein-als-scheinen.de\\\/#organization\",\"name\":\"Freiherr-vom-Stein-Schule Bochum\",\"url\":\"https:\\\/\\\/mehr-sein-als-scheinen.de\\\/\",\"logo\":{\"@type\":\"ImageObject\",\"inLanguage\":\"de\",\"@id\":\"https:\\\/\\\/mehr-sein-als-scheinen.de\\\/#\\\/schema\\\/logo\\\/image\\\/\",\"url\":\"https:\\\/\\\/mehr-sein-als-scheinen.de\\\/wp-content\\\/uploads\\\/2016\\\/09\\\/cropped-logo_fvs_575.png\",\"contentUrl\":\"https:\\\/\\\/mehr-sein-als-scheinen.de\\\/wp-content\\\/uploads\\\/2016\\\/09\\\/cropped-logo_fvs_575.png\",\"width\":512,\"height\":512,\"caption\":\"Freiherr-vom-Stein-Schule Bochum\"},\"image\":{\"@id\":\"https:\\\/\\\/mehr-sein-als-scheinen.de\\\/#\\\/schema\\\/logo\\\/image\\\/\"}}]}<\/script>\n<!-- \/ Yoast SEO plugin. -->","yoast_head_json":{"title":"F.A.Q. - Freiherr-vom-Stein-Schule Bochum","robots":{"index":"index","follow":"follow","max-snippet":"max-snippet:-1","max-image-preview":"max-image-preview:large","max-video-preview":"max-video-preview:-1"},"canonical":"https:\/\/mehr-sein-als-scheinen.de\/?page_id=2","og_locale":"de_DE","og_type":"article","og_title":"F.A.Q. - Freiherr-vom-Stein-Schule Bochum","og_description":"F: Wer oder was seid Ihr eigentlich? A: Ehemalige der FvSt, genauer gesagt des Abijahrgangs 1987. F: Wieso habt Ihr diese Seite gemacht? A: Einer mu\u00df es ja machen. F: Seid Ihr nur f\u00fcr Euren Jahrgang da? A: Sagen wir so: Ausl\u00f6ser war nat\u00fcrlich die Orga f\u00fcr das 20j\u00e4hrige 2007. Aber da unsere Anstalt ja ... weiterlesen &rarr;","og_url":"https:\/\/mehr-sein-als-scheinen.de\/?page_id=2","og_site_name":"Freiherr-vom-Stein-Schule Bochum","article_modified_time":"2026-04-11T18:57:06+00:00","og_image":[{"url":"https:\/\/mehr-sein-als-scheinen.de\/wp-content\/uploads\/2024\/01\/IMG_4254-1024x768.jpg","type":"","width":"","height":""}],"twitter_card":"summary_large_image","twitter_misc":{"Gesch\u00e4tzte Lesezeit":"2\u00a0Minuten"},"schema":{"@context":"https:\/\/schema.org","@graph":[{"@type":"WebPage","@id":"https:\/\/mehr-sein-als-scheinen.de\/?page_id=2","url":"https:\/\/mehr-sein-als-scheinen.de\/?page_id=2","name":"F.A.Q. - Freiherr-vom-Stein-Schule Bochum","isPartOf":{"@id":"https:\/\/mehr-sein-als-scheinen.de\/#website"},"primaryImageOfPage":{"@id":"https:\/\/mehr-sein-als-scheinen.de\/?page_id=2#primaryimage"},"image":{"@id":"https:\/\/mehr-sein-als-scheinen.de\/?page_id=2#primaryimage"},"thumbnailUrl":"https:\/\/mehr-sein-als-scheinen.de\/wp-content\/uploads\/2024\/01\/IMG_4254-1024x768.jpg","datePublished":"2006-10-24T19:34:18+00:00","dateModified":"2026-04-11T18:57:06+00:00","breadcrumb":{"@id":"https:\/\/mehr-sein-als-scheinen.de\/?page_id=2#breadcrumb"},"inLanguage":"de","potentialAction":[{"@type":"ReadAction","target":["https:\/\/mehr-sein-als-scheinen.de\/?page_id=2"]}]},{"@type":"ImageObject","inLanguage":"de","@id":"https:\/\/mehr-sein-als-scheinen.de\/?page_id=2#primaryimage","url":"https:\/\/mehr-sein-als-scheinen.de\/wp-content\/uploads\/2024\/01\/IMG_4254.jpg","contentUrl":"https:\/\/mehr-sein-als-scheinen.de\/wp-content\/uploads\/2024\/01\/IMG_4254.jpg","width":1632,"height":1224,"caption":"Wir sind Retro! :-)"},{"@type":"BreadcrumbList","@id":"https:\/\/mehr-sein-als-scheinen.de\/?page_id=2#breadcrumb","itemListElement":[{"@type":"ListItem","position":1,"name":"Start","item":"https:\/\/mehr-sein-als-scheinen.de\/"},{"@type":"ListItem","position":2,"name":"F.A.Q."}]},{"@type":"WebSite","@id":"https:\/\/mehr-sein-als-scheinen.de\/#website","url":"https:\/\/mehr-sein-als-scheinen.de\/","name":"Freiherr-vom-Stein-Schule Bochum","description":"Treffpunkt f\u00fcr alle Ehemaligen","publisher":{"@id":"https:\/\/mehr-sein-als-scheinen.de\/#organization"},"potentialAction":[{"@type":"SearchAction","target":{"@type":"EntryPoint","urlTemplate":"https:\/\/mehr-sein-als-scheinen.de\/?s={search_term_string}"},"query-input":{"@type":"PropertyValueSpecification","valueRequired":true,"valueName":"search_term_string"}}],"inLanguage":"de"},{"@type":"Organization","@id":"https:\/\/mehr-sein-als-scheinen.de\/#organization","name":"Freiherr-vom-Stein-Schule Bochum","url":"https:\/\/mehr-sein-als-scheinen.de\/","logo":{"@type":"ImageObject","inLanguage":"de","@id":"https:\/\/mehr-sein-als-scheinen.de\/#\/schema\/logo\/image\/","url":"https:\/\/mehr-sein-als-scheinen.de\/wp-content\/uploads\/2016\/09\/cropped-logo_fvs_575.png","contentUrl":"https:\/\/mehr-sein-als-scheinen.de\/wp-content\/uploads\/2016\/09\/cropped-logo_fvs_575.png","width":512,"height":512,"caption":"Freiherr-vom-Stein-Schule Bochum"},"image":{"@id":"https:\/\/mehr-sein-als-scheinen.de\/#\/schema\/logo\/image\/"}}]}},"_links":{"self":[{"href":"https:\/\/mehr-sein-als-scheinen.de\/index.php?rest_route=\/wp\/v2\/pages\/2","targetHints":{"allow":["GET"]}}],"collection":[{"href":"https:\/\/mehr-sein-als-scheinen.de\/index.php?rest_route=\/wp\/v2\/pages"}],"about":[{"href":"https:\/\/mehr-sein-als-scheinen.de\/index.php?rest_route=\/wp\/v2\/types\/page"}],"author":[{"embeddable":true,"href":"https:\/\/mehr-sein-als-scheinen.de\/index.php?rest_route=\/wp\/v2\/users\/3"}],"replies":[{"embeddable":true,"href":"https:\/\/mehr-sein-als-scheinen.de\/index.php?rest_route=%2Fwp%2Fv2%2Fcomments&post=2"}],"version-history":[{"count":5,"href":"https:\/\/mehr-sein-als-scheinen.de\/index.php?rest_route=\/wp\/v2\/pages\/2\/revisions"}],"predecessor-version":[{"id":188,"href":"https:\/\/mehr-sein-als-scheinen.de\/index.php?rest_route=\/wp\/v2\/pages\/2\/revisions\/188"}],"wp:attachment":[{"href":"https:\/\/mehr-sein-als-scheinen.de\/index.php?rest_route=%2Fwp%2Fv2%2Fmedia&parent=2"}],"curies":[{"name":"wp","href":"https:\/\/api.w.org\/{rel}","templated":true}]}}